{"id":111,"date":"2022-09-29T14:31:25","date_gmt":"2022-09-29T14:31:25","guid":{"rendered":"https:\/\/www.macgyver.es\/tienda\/producto\/ventresca-de-atun-en-aceite-de-oliva-550-gr\/"},"modified":"2022-10-03T14:32:42","modified_gmt":"2022-10-03T14:32:42","slug":"ventresca-de-tonyina-en-oli-doliva-550-gr","status":"publish","type":"product","link":"https:\/\/www.macgyver.es\/ca\/producto\/ventresca-de-tonyina-en-oli-doliva-550-gr\/","title":{"rendered":"VENTRESCA DE TONYINA EN OLI D\u2019OLIVA 550 GR."},"content":{"rendered":"","protected":false},"excerpt":{"rendered":"<p>\u00c9s una de les conserves preferides pels seguidors de Herpac, i ho entenem. La nostra ventresca \u00e9s una menja a qu\u00e8 \u00e9s impossible resistir-se, i pel que fa la proveu sabreu per qu\u00e8 diem aix\u00f2.<\/p>\n","protected":false},"featured_media":101,"template":"","meta":{"_acf_changed":false,"inline_featured_image":false,"_monsterinsights_skip_tracking":false,"_monsterinsights_sitenote_active":false,"_monsterinsights_sitenote_note":"","_monsterinsights_sitenote_category":0},"product_brand":[],"product_cat":[37],"product_tag":[],"class_list":{"0":"post-111","1":"product","2":"type-product","3":"status-publish","4":"has-post-thumbnail","6":"product_cat-conservas-ca","7":"description-off","9":"first","10":"instock","11":"taxable","12":"shipping-taxable","13":"purchasable","14":"product-type-simple"},"acf":[],"_links":{"self":[{"href":"https:\/\/www.macgyver.es\/ca\/wp-json\/wp\/v2\/product\/111","targetHints":{"allow":["GET"]}}],"collection":[{"href":"https:\/\/www.macgyver.es\/ca\/wp-json\/wp\/v2\/product"}],"about":[{"href":"https:\/\/www.macgyver.es\/ca\/wp-json\/wp\/v2\/types\/product"}],"wp:featuredmedia":[{"embeddable":true,"href":"https:\/\/www.macgyver.es\/ca\/wp-json\/wp\/v2\/media\/101"}],"wp:attachment":[{"href":"https:\/\/www.macgyver.es\/ca\/wp-json\/wp\/v2\/media?parent=111"}],"wp:term":[{"taxonomy":"product_brand","embeddable":true,"href":"https:\/\/www.macgyver.es\/ca\/wp-json\/wp\/v2\/product_brand?post=111"},{"taxonomy":"product_cat","embeddable":true,"href":"https:\/\/www.macgyver.es\/ca\/wp-json\/wp\/v2\/product_cat?post=111"},{"taxonomy":"product_tag","embeddable":true,"href":"https:\/\/www.macgyver.es\/ca\/wp-json\/wp\/v2\/product_tag?post=111"}],"curies":[{"name":"wp","href":"https:\/\/api.w.org\/{rel}","templated":true}]}}