{"id":110,"date":"2022-09-29T14:31:25","date_gmt":"2022-09-29T14:31:25","guid":{"rendered":"https:\/\/www.macgyver.es\/tienda\/producto\/ventresca-de-atun-en-escabeche-1000-gr\/"},"modified":"2022-10-03T14:31:59","modified_gmt":"2022-10-03T14:31:59","slug":"ventresca-de-tonyina-en-escabetx-1000-gr","status":"publish","type":"product","link":"https:\/\/www.macgyver.es\/ca\/producto\/ventresca-de-tonyina-en-escabetx-1000-gr\/","title":{"rendered":"VENTRESCA DE TONYINA EN ESCABETX 1000 GR."},"content":{"rendered":"","protected":false},"excerpt":{"rendered":"<p>Li hem donat una volta a la nostra famosa ventresca, i us la presentem en un riqu\u00edssim i original escabetx dol\u00e7a. Est\u00e0 perm\u00e8s sucar-hi pa.<\/p>\n","protected":false},"featured_media":102,"template":"","meta":{"_acf_changed":false,"inline_featured_image":false,"_monsterinsights_skip_tracking":false,"_monsterinsights_sitenote_active":false,"_monsterinsights_sitenote_note":"","_monsterinsights_sitenote_category":0},"product_brand":[],"product_cat":[36],"product_tag":[],"class_list":{"0":"post-110","1":"product","2":"type-product","3":"status-publish","4":"has-post-thumbnail","6":"product_cat-semiconservas-ca","7":"description-off","9":"first","10":"instock","11":"taxable","12":"shipping-taxable","13":"purchasable","14":"product-type-simple"},"acf":[],"_links":{"self":[{"href":"https:\/\/www.macgyver.es\/ca\/wp-json\/wp\/v2\/product\/110","targetHints":{"allow":["GET"]}}],"collection":[{"href":"https:\/\/www.macgyver.es\/ca\/wp-json\/wp\/v2\/product"}],"about":[{"href":"https:\/\/www.macgyver.es\/ca\/wp-json\/wp\/v2\/types\/product"}],"wp:featuredmedia":[{"embeddable":true,"href":"https:\/\/www.macgyver.es\/ca\/wp-json\/wp\/v2\/media\/102"}],"wp:attachment":[{"href":"https:\/\/www.macgyver.es\/ca\/wp-json\/wp\/v2\/media?parent=110"}],"wp:term":[{"taxonomy":"product_brand","embeddable":true,"href":"https:\/\/www.macgyver.es\/ca\/wp-json\/wp\/v2\/product_brand?post=110"},{"taxonomy":"product_cat","embeddable":true,"href":"https:\/\/www.macgyver.es\/ca\/wp-json\/wp\/v2\/product_cat?post=110"},{"taxonomy":"product_tag","embeddable":true,"href":"https:\/\/www.macgyver.es\/ca\/wp-json\/wp\/v2\/product_tag?post=110"}],"curies":[{"name":"wp","href":"https:\/\/api.w.org\/{rel}","templated":true}]}}