{"id":1410,"date":"2023-03-13T15:28:25","date_gmt":"2023-03-13T15:28:25","guid":{"rendered":"https:\/\/www.macgyver.es\/tienda\/condiciones-de-compra\/"},"modified":"2023-03-14T11:14:54","modified_gmt":"2023-03-14T11:14:54","slug":"condicions-de-compra","status":"publish","type":"page","link":"https:\/\/www.macgyver.es\/ca\/condicions-de-compra\/","title":{"rendered":"Condicions de compra"},"content":{"rendered":"<p>Las presentes Condiciones de Contrataci\u00f3n, regulan el uso de la tienda online\u00a0<strong>https:\/\/www.macgyver.es\/tienda\/<\/strong>, de la que es responsable legal\u00a0<strong>Crist\u00f3bal S\u00e1nchez Li\u00f1an<\/strong>, en adelante,<strong>\u00a0Macgyver.\u00a0<\/strong>Estas Condiciones ser\u00e1n aceptadas por las partes sin reservas, y podr\u00e1n ser modificadas en cualquier momento y sin previo aviso, por lo que ser\u00e1 responsabilidad del Usuario leerlas cada vez que realice una compra, ya que las condiciones vigentes en el momento de celebraci\u00f3n del contrato ser\u00e1n las que le resulten aplicables.<\/p>\n<p>Normativa aplicable<\/p>\n<p>El presente contrato electr\u00f3nico se celebra bajo la normativa espa\u00f1ola y en concreto bajo el r\u00e9gimen legal impuesto por la Ley 34\/2002, de 11 de julio, de Servicios de la Sociedad de la Informaci\u00f3n y de Comercio Electr\u00f3nico (LSSICE) y por la Ley 03\/2014, de 27 de marzo, General para la Defensa de los Consumidores y Usuarios (LGDCU).<\/p>\n<p>El contrato electr\u00f3nico no ser\u00e1 archivado por un tercero y el idioma para su conclusi\u00f3n es el espa\u00f1ol. Las presentes condiciones generales podr\u00e1n ser almacenadas y reproducidas en cualquier momento por el usuario que realice una compra mediante las opciones de su navegador de internet, y deben ser aceptadas antes de proceder al pago del pedido.<\/p>\n<p>Cuenta de Usuario y Correcci\u00f3n de Errores<\/p>\n<p>Para poder realizar compras online en esta tienda es necesario el registro mediante la creaci\u00f3n de una \u201cCuenta de Usuario\u201d. Podr\u00e1s registrarte en cualquier momento pinchando en el enlace correspondiente, o bien durante el proceso de compra. Una vez registrado, recibir\u00e1s un correo confirmando que el proceso se ha realizado con \u00e9xito y un recordatorio de los datos de acceso.<\/p>\n<p>Desde la cuenta se podr\u00e1n realizar compras, comprobar el historial de pedidos, cambiar la contrase\u00f1a, modificar los datos personales, modificar las direcciones de env\u00edo y facturaci\u00f3n, realizar comentarios, y otros tr\u00e1mites o gestiones relacionadas con tus compras.<\/p>\n<p>Adem\u00e1s, en cualquier momento, podr\u00e1s acceder a tu cuenta privada para comprobar la informaci\u00f3n personal y direcciones y, en caso de que fuera necesario, corregir los errores que puedan haber existido en la introducci\u00f3n de los datos o actualizar los mismos. Las direcciones de env\u00edo y facturaci\u00f3n tambi\u00e9n podr\u00e1n corregirse o actualizarse a lo largo del proceso de compra.<\/p>\n<p>Como Usuario, podr\u00e1s darte de baja en cualquier momento, enviando un correo electr\u00f3nico, desde la direcci\u00f3n que se quiere dar de baja, a la direcci\u00f3n\u00a0tienda@macgyver.es, lo que conllevar\u00e1 la cancelaci\u00f3n de tus datos de car\u00e1cter personal.<\/p>\n<p>En cualquier caso, la creaci\u00f3n y cancelaci\u00f3n de una cuenta de usuario se regir\u00e1 por lo establecido en la Pol\u00edtica de Privacidad.<\/p>\n<p>Proceso de Compra<\/p>\n<p>Comprar en\u00a0<strong>Macgyver<\/strong>\u00a0es f\u00e1cil y sencillo, solo tienes que seguir los siguientes pasos:<\/p>\n<p><strong>1\u00ba.-<\/strong>\u00a0Seleccionar los productos que desees adquirir de entre los ofrecidos por\u00a0<strong>Macgyver<\/strong>. Clicando en cada producto, se accede a su ficha, que incluye descripci\u00f3n detallada con la informaci\u00f3n, caracter\u00edsticas principales y precio. Si necesitas m\u00e1s informaci\u00f3n, no dudes en preguntarnos. NOTA: En el caso de fichas de producto con fotograf\u00eda, los productos pueden sufrir ligeras variaciones de color o textura con respecto a la fotograf\u00eda que aparece en la web, debido a diferentes factores, por ejemplo, a la resoluci\u00f3n de su monitor. No obstante, haremos lo posible para que las im\u00e1genes sean lo m\u00e1s fieles posibles a la realidad.<\/p>\n<p><strong>2\u00ba.-<\/strong>\u00a0Una vez seleccionado el\/los producto\/s que desees comprar, deber\u00e1s pulsar el bot\u00f3n \u201cA\u00f1adir al carrito, quedando incorporado el producto a tu carrito de la compra. Si lo deseas, podr\u00e1s seguir a\u00f1adiendo m\u00e1s productos al carrito, o proceder directamente al pago.<\/p>\n<p><strong>3\u00ba.-<\/strong>\u00a0Concluida la selecci\u00f3n de productos, aparecer\u00e1 un resumen identificando el\/los art\u00edculo\/s seleccionado\/s. Finalmente, para continuar con tu pedido, deber\u00e1s pulsar el bot\u00f3n \u201cRealizar pedido\u201d.<\/p>\n<p><strong>4\u00ba.-<\/strong>\u00a0Como hemos indicado en apartados anteriores, al finalizar tu compra, deber\u00e1s registrarte, indicando tus datos de contacto y direcci\u00f3n. En tus pr\u00f3ximas compras no tendr\u00e1s que introducir de nuevo tus datos, pues quedar\u00e1n almacenados en tu Cuenta de Usuario.<\/p>\n<p><strong>5\u00ba.-<\/strong>\u00a0Por \u00faltimo, deber\u00e1s aceptar las presentes Condiciones de Venta y elegir el medio de pago de tu pedido de entre los ofrecidos por\u00a0<strong>Macgyver<\/strong>\u00a0(ver apartado siguiente).<\/p>\n<p><strong>6\u00ba.-<\/strong>\u00a0Una vez finalizado el proceso de compra, te enviaremos un correo electr\u00f3nico en el que se detallar\u00e1n los datos de la misma, as\u00ed como justificante de compra o factura. Si no recibes este correo en 24 horas, o si aprecias cualquier error en los datos introducidos, ponte en contacto con nosotros por cualquiera de los siguientes medios:<\/p>\n<p>Llamando al 937902116<br \/>\nNotific\u00e1ndolo en la secci\u00f3n \u201cContacto\u201d de esta web<br \/>\nEscribiendo a la direcci\u00f3n de correo\u00a0tienda@macgyver.es<\/p>\n<p>Puedes solicitar factura en papel poni\u00e9ndote en contacto con nosotros, dentro del plazo de 15 d\u00edas posteriores a la compra, y te la haremos llegar sin ning\u00fan tipo de coste adicional.<\/p>\n<p>Formas de pago<\/p>\n<p><strong>Macgyver<\/strong>\u00a0dispone de diversas modalidades de pago para facilitarte la compra:<\/p>\n<ul>\n<li>Transferencia bancaria<\/li>\n<li>Tarjeta de cr\u00e9dito o d\u00e9bito<\/li>\n<li>Pago en tienda<\/li>\n<\/ul>\n<p>A continuaci\u00f3n, especificamos las condiciones para cada una de estas formas de pago.<\/p>\n<p>\u00e0\u00a0<em>Transferencia bancaria<\/em><\/p>\n<p><strong>Macgyver<\/strong>\u00a0te ofrece la posibilidad de realizar el pago del pedido mediante una transferencia en nuestra cuenta bancaria:<\/p>\n<p>Banco Bankia \u2013 IBAN: ES19 2038 6745 5260 0010 6300.<\/p>\n<p>Si te decides por esta opci\u00f3n de pago, una vez finalizado el pedido, aparecer\u00e1n en pantalla los datos necesarios para realizar la transferencia bancaria. Adem\u00e1s, te enviaremos un email con el importe del pedido, el concepto que debes indicar y el n\u00famero de cuenta. Es importante que, en el momento de realizar la transferencia, indiques como concepto la referencia de tu pedido, facilitada por\u00a0<strong>Macgyver<\/strong>\u00a0en el email, para agilizar la facturaci\u00f3n y el env\u00edo del pedido.<\/p>\n<p>Las transferencias pueden tardar hasta 48 horas en hacerse efectivas, tenlo en cuenta en los plazos de env\u00edo. Una vez confirmado el pago, se proceder\u00e1 a la facturaci\u00f3n, embalado y env\u00edo del pedido. Si deseas agilizar este proceso puedes enviarnos un email con el justificante a\u00a0tienda@macgyver.es.<\/p>\n<p>\u00e0\u00a0<em>Tarjeta de cr\u00e9dito o d\u00e9bito<\/em><\/p>\n<p>El pago mediante tarjeta de cr\u00e9dito o d\u00e9bito se realiza a trav\u00e9s de la pasarela de pago seguro de Bankia. Mediante esta modalidad de pago,\u00a0<strong>Macgyver<\/strong>\u00a0nunca recoge ni manipula ning\u00fan dato del cliente relativo a su n\u00famero de tarjeta. Todos los datos son tratados directamente por Bankia, de forma que\u00a0<strong>Macgyver<\/strong>\u00a0siempre pueda ofrecer la mayor seguridad, transparencia y confidencialidad en la transacci\u00f3n.<\/p>\n<p>Las tarjetas que actualmente admite la pasarela de pago son\u00a0<strong>Visa, Mastercard y Maestro,\u00a0<\/strong>adem\u00e1s de las pertenecientes a las redes\u00a0<strong>4B, Red 6000 y Servired<\/strong>. Si tienes alguna duda, contacta con nosotros y te atenderemos para aclarar cualquier inquietud.<\/p>\n<p>Condiciones de env\u00edo<\/p>\n<p>Se realizar\u00e1n env\u00edos a:<\/p>\n<ul>\n<li>Espa\u00f1a Peninsular<\/li>\n<li>Islas Baleares<\/li>\n<\/ul>\n<p>El env\u00edo se har\u00e1 por la empresa de mensajer\u00eda urgente\u00a0<strong>GLS<\/strong>. El plazo de entrega en tu domicilio ser\u00e1 de 24 a 72 horas (h\u00e1biles) dependiendo de la poblaci\u00f3n de destino.\u00a0<strong>El porte ser\u00e1 gratuito en pedidos superiores a 50\u20ac<\/strong>.<\/p>\n<p>La empresa de mensajer\u00eda entrega habitualmente en horario comercial, as\u00ed que, si tienes alguna preferencia de horario para la entrega, puedes indic\u00e1rnosla en el comentario del pedido y se tratar\u00e1 de cumplir (en la medida de las posibilidades de ruta y horario de la empresa de transportes).<\/p>\n<p>Plazos de entrega<\/p>\n<p>El plazo de entrega se muestra durante el proceso de compra, y supone la aceptaci\u00f3n del mismo por tu parte. En caso de no indicar una fecha determinada, se atender\u00e1 a la LGDCU, que indica que el plazo m\u00e1ximo de entrega ser\u00e1 de 30 d\u00edas naturales a partir de la celebraci\u00f3n del contrato.<\/p>\n<p>En caso de incumplimiento de plazos de entrega, deber\u00e1s indicarnos un plazo adicional adecuado a las circunstancias que provocaron el retraso inicial. En caso de que tampoco podamos entregar el bien en dicho plazo adicional, podr\u00e1s resolver el contrato.<\/p>\n<p>El anterior p\u00e1rrafo no ser\u00e1 de aplicaci\u00f3n si el plazo de entrega es esencial a la vista de todas las circunstancias que concurran en la celebraci\u00f3n del contrato o cuando nos hayas informado, antes de la compra, de que es esencial la entrega antes de una fecha determinada o en una fecha determinada. En tales casos, podr\u00e1s resolver el contrato de inmediato.<\/p>\n<p>En cualquier caso, de producirse la resoluci\u00f3n del contrato, se reembolsar\u00e1n las cantidades abonadas en su totalidad.<\/p>\n<p>En algunos casos y dependiendo de la disponibilidad del producto, puede producirse una ruptura de stock (falta de existencias). Nuestro personal se pondr\u00e1 en contacto contigo para darte una soluci\u00f3n y para informarte del plazo de entrega una vez est\u00e9 disponible el producto seleccionado.<\/p>\n<p>IMPORTANTE: En general, no nos hacemos responsables del incumplimiento o retraso de obligaciones que se deban a causas fuera de nuestro control, como en caso de fuerza mayor (confinamiento por estado de alarma, por ejemplo), cat\u00e1strofes naturales, huelgas, accidentes, etc. De surgir alguna incidencia, nos pondremos en contacto contigo para solucionar la incidencia.<\/p>\n<p>Precios, impuestos, tasas y aranceles<\/p>\n<p>Los precios est\u00e1n expresados en Euros.\u00a0<strong>Macgyver<\/strong>\u00a0no est\u00e1 obligado a suministrar productos (incluso aunque se haya enviado la Confirmaci\u00f3n de Env\u00edo) si el error en el precio es obvio e inequ\u00edvoco y hubiera podido ser reconocido de forma razonable por el cliente como precio incorrecto.<\/p>\n<p>Los precios de los productos de\u00a0<strong>Macgyver<\/strong>\u00a0pueden variar, pero (salvo en lo establecido anteriormente) los posibles cambios no afectar\u00e1n a los pedidos con respecto a los que ya haya sido enviada una Confirmaci\u00f3n de Env\u00edo.<\/p>\n<p>El PVP de los art\u00edculos incluye IVA.<\/p>\n<p>Devoluciones<\/p>\n<p>En\u00a0<strong>Macgyver<\/strong>\u00a0deseamos la satisfacci\u00f3n con tu pedido. Por ello, te facilitamos varios m\u00e9todos para efectuar la devoluci\u00f3n de un art\u00edculo que pudiera no ajustarse a tus necesidades o expectativas. Posibles casos de devoluci\u00f3n o desistimiento:<\/p>\n<ol>\n<li><strong><u>El producto es err\u00f3neo, tiene un defecto o ha sido da\u00f1ado durante el transporte:<\/u><\/strong><\/li>\n<\/ol>\n<p>Prestamos mucha atenci\u00f3n a que todos nuestros art\u00edculos y env\u00edos est\u00e9n en perfecto estado. S\u00ed, aun as\u00ed, te llegara un art\u00edculo err\u00f3neo o defectuoso, ponte en contacto inmediatamente con nosotros a trav\u00e9s de\u00a0tienda@macgyver.es\u00a0o llam\u00e1ndonos al 937902116. Antes de abrir el producto, verifica que el embalaje coincide con el solicitado: color, medida, acabado, etc. En caso de que haya alguna anomal\u00eda, realiza tambi\u00e9n una reclamaci\u00f3n lo antes posible.<\/p>\n<p>Cuando el producto se haya da\u00f1ado durante el transporte es imprescindible que nos lo comuniques y que, si es posible, anotes la incidencia en el albar\u00e1n de entrega del transportista.<\/p>\n<p>Los productos deben ser devueltos de forma que est\u00e9n protegidos, incluy\u00e9ndolos dentro de una caja o bolsa protectora.\u00a0<strong>Macgyver<\/strong>\u00a0pone a disposici\u00f3n del comprador una empresa de transporte para la retirada de la mercanc\u00eda,\u00a0<u>de manera totalmente gratuita<\/u>. Si deseas devolver la mercanc\u00eda con una empresa de transporte distinta de la propuesta por\u00a0<strong>Macgyver<\/strong>, y la empresa de transporte seleccionada ofrece tarifas superiores, deber\u00e1s asumir la diferencia del coste de transporte.<\/p>\n<ol>\n<li><strong><u>Desistimiento:<\/u><\/strong><\/li>\n<\/ol>\n<p>No queremos que te quedes con nada que no te guste, por eso puedes devolver un art\u00edculo si no se ajusta a tus expectativas. Por ello, de acuerdo a lo establecido en la LGDCU, y siempre que seas un comprador de un art\u00edculo para uso particular, dispones del Derecho de Desistimiento, en virtud del cual podr\u00e1s devolver el producto, siempre que \u00e9ste no sea un producto digital del que se haya iniciado la descarga.<\/p>\n<p>El ejercicio de este derecho de desistimiento tendr\u00e1 que realizarse en un\u00a0<u>plazo m\u00e1ximo de CATORCE (14) d\u00edas<\/u>\u00a0naturales a partir de su recepci\u00f3n. Deber\u00e1s notificarnos, a trav\u00e9s del correo\u00a0tienda@macgyver.es, tu decisi\u00f3n de desistir de la compra efectuada (podr\u00e1s utilizar para ello el siguiente modelo de formulario de desistimiento, si lo deseas). [ADJUNTAR MODELO DE DESISTIMIENTO QUE HAY AL FINAL DE ESTE DOCUMENTO]<\/p>\n<p>Para poder ejercer este derecho, el producto deber\u00e1 encontrarse en perfectas condiciones y conservar el embalaje original, as\u00ed como todas las piezas. En caso de que los productos no lleguen en perfectas condiciones\u00a0<strong>Macgyver<\/strong>\u00a0se reserva el derecho a abonar una cantidad inferior en la devoluci\u00f3n, circunstancia que te ser\u00e1 notificada.<\/p>\n<p>El reembolso del importe de la compra se efectuar\u00e1 una vez haya sido comprobado el estado de la mercanc\u00eda, a trav\u00e9s del mismo medio de pago utilizado en la compra y, en todo caso, antes de que hayan transcurrido 14 d\u00edas naturales desde la recepci\u00f3n fehaciente de la solicitud de desistimiento, siempre y cuando sea\u00a0<strong>Macgyver<\/strong>\u00a0quien gestione la recogida del art\u00edculo. En caso de que devuelvas el art\u00edculo a trav\u00e9s de una empresa de transportes de tu elecci\u00f3n, el plazo de 14 d\u00edas comenzar\u00e1 a computar desde que\u00a0<strong>Macgyver<\/strong>\u00a0tenga conocimiento efectivo del env\u00edo de la mercanc\u00eda o, en su defecto, desde la recepci\u00f3n de la misma.<\/p>\n<p>Los gastos de devoluci\u00f3n derivados del ejercicio del derecho de desistimiento, ser\u00e1n por cuenta del comprador.<\/p>\n<p>No se admitir\u00e1 el ejercicio del derecho de desistimiento, entre otros supuestos, en los siguientes:<\/p>\n<ul>\n<li>El suministro de bienes que puedan deteriorarse o caducar con rapidez (habitualmente, aquellos con una caducidad inferior a un mes).<\/li>\n<li>El suministro de bienes precintados que no sean aptos para ser devueltos por razones de protecci\u00f3n de la salud o de higiene y que hayan sido desprecintados tras la entrega.<\/li>\n<\/ul>\n<ol>\n<li><strong><u>Si a\u00fan no ha recibido el pedido:<\/u><\/strong><\/li>\n<\/ol>\n<p>Si todav\u00eda no has recibido el pedido y deseas cancelarlo o modificarlo, solo tienes que informarnos de los cambios que quieres realizar, sin que esto suponga ning\u00fan coste en caso de que tu pedido a\u00fan no haya sido tramitado.<\/p>\n<p><em>Contacto Para Devoluciones:<\/em><\/p>\n<p>*Tel\u00e9fono: 937902116<br \/>\n*Notificaci\u00f3n a trav\u00e9s de esta web en la secci\u00f3n \u201cContacto\u201d<br \/>\n*Email:\u00a0tienda@macgyver.es<\/p>\n<p>Todas las devoluciones de productos, junto con su embalaje original protegido, deber\u00e1n dirigirse a la siguiente direcci\u00f3n: Ronda de la Creu de Pedra, 25, Local, 08304, Matar\u00f3, Barcelona<\/p>\n<p>Garant\u00edas<\/p>\n<p>Excepto aquellos que, por su naturaleza, quedan excluidos de la normativa de garant\u00edas de bienes de consumo, todos nuestros productos est\u00e1n garantizados a nivel nacional, frente a\u00a0<strong>defectos de fabricaci\u00f3n<\/strong>\u00a0durante\u00a0<u>dos a\u00f1os<\/u>\u00a0a partir de la fecha de la compra (o fecha de entrega, si \u00e9sta es posterior), o de un a\u00f1o en caso de que el art\u00edculo no sea nuevo.<\/p>\n<p>Responderemos de las faltas de conformidad, de las que el comprador deber\u00e1 informarnos en el plazo de dos meses desde que tuvo conocimiento de ella.<\/p>\n<p>Si el defecto o la falta de conformidad surge en los primeros 6 meses desde la entrega del art\u00edculo, tanto si se trata de un producto nuevo, como de segunda mano, se presume que el defecto o falta de conformidad ya exist\u00eda cuando el producto fue facturado (o entregado, si es en un momento posterior), es decir, que existe un defecto de origen o de f\u00e1brica del producto, salvo que podamos demostrar que el defecto o falta de conformidad no es de origen sino que se debe, por ejemplo, a un mal uso o mantenimiento dado por el comprador.<\/p>\n<p>Por su parte, si el defecto o la falta de conformidad surge a partir de los 6 primeros meses y hasta los 2 a\u00f1os, la presunci\u00f3n de que el defecto viene de f\u00e1brica no existe.<\/p>\n<p>En caso de producto defectuoso, podremos proceder, seg\u00fan corresponda, a la reparaci\u00f3n, sustituci\u00f3n, rebaja del precio o resoluci\u00f3n del contrato, gestiones que ser\u00e1n totalmente gratuitas para el comprador (incluyendo los gastos de transporte, de existir).<\/p>\n<p>Quedan, por tanto, excluidos de la garant\u00eda los defectos y deterioros producidos por hechos externos, accidentes, utilizaci\u00f3n no conforme a nuestras instrucciones o a las del fabricante (uso incorrecto) o al desgaste habitual. Tambi\u00e9n, los productos modificados o reparados por el cliente o cualquier otra persona no autorizada por\u00a0<strong>Macgyver<\/strong>, as\u00ed como los productos que son objeto de un contrato de espec\u00edfico. En esos casos el consumidor deber\u00e1 hacerse cargo de su reparaci\u00f3n.<\/p>\n<p>Por normativa, y salvo prueba en contrario, se entender\u00e1 que los productos son conformes con el contrato siempre que cumplan todos los requisitos que se expresan a continuaci\u00f3n:<\/p>\n<ol>\n<li>a) Se ajusten a la descripci\u00f3n realizada y posean las cualidades del producto que hayamos presentado al consumidor y usuario en forma de muestra o modelo.<\/li>\n<li>b) Sean aptos para los usos a que ordinariamente se destinen productos similares.<\/li>\n<li>c) Presenten la calidad y prestaciones habituales de un producto del mismo tipo que el consumidor y usuario pueda fundadamente esperar, habida cuenta de la naturaleza del producto.<\/li>\n<\/ol>\n<p>Resoluci\u00f3n de conflictos<\/p>\n<p>Como as\u00ed la exige la nueva normativa europea, informamos a los usuarios de la existencia de una plataforma europea de resoluci\u00f3n de litigios para contrataciones online. As\u00ed, para la\u00a0<em>resoluci\u00f3n de litigios en materia de consumo (conforme al Art. 14.1 del Reglamento (UE) 524\/2013), la Comisi\u00f3n Europea facilita una plataforma de resoluci\u00f3n de litigios en l\u00ednea que se encuentra disponible en el siguiente enlace:\u00a0<\/em><a href=\"https:\/\/webgate.ec.europa.eu\/odr\/main\/?event=main.home.show&amp;lng=ES\">https:\/\/webgate.ec.europa.eu\/odr\/main\/?event=main.home.show&amp;lng=ES<\/a><\/p>\n","protected":false},"excerpt":{"rendered":"<p>Las presentes Condiciones de Contrataci\u00f3n, regulan el uso de la tienda online\u00a0https:\/\/www.macgyver.es\/tienda\/, de la que es responsable legal\u00a0Crist\u00f3bal S\u00e1nchez Li\u00f1an, en adelante,\u00a0Macgyver.\u00a0Estas Condiciones ser\u00e1n aceptadas por las partes sin reservas, y podr\u00e1n ser modificadas en cualquier momento y sin previo aviso, por lo que ser\u00e1 responsabilidad del Usuario leerlas cada vez que realice una compra,&hellip;<\/p>\n","protected":false},"author":1,"featured_media":0,"parent":0,"menu_order":0,"comment_status":"closed","ping_status":"closed","template":"","meta":{"_acf_changed":false,"inline_featured_image":false,"_monsterinsights_skip_tracking":false,"_monsterinsights_sitenote_active":false,"_monsterinsights_sitenote_note":"","_monsterinsights_sitenote_category":0,"footnotes":""},"class_list":["post-1410","page","type-page","status-publish","hentry","description-off"],"acf":[],"_links":{"self":[{"href":"https:\/\/www.macgyver.es\/ca\/wp-json\/wp\/v2\/pages\/1410","targetHints":{"allow":["GET"]}}],"collection":[{"href":"https:\/\/www.macgyver.es\/ca\/wp-json\/wp\/v2\/pages"}],"about":[{"href":"https:\/\/www.macgyver.es\/ca\/wp-json\/wp\/v2\/types\/page"}],"author":[{"embeddable":true,"href":"https:\/\/www.macgyver.es\/ca\/wp-json\/wp\/v2\/users\/1"}],"replies":[{"embeddable":true,"href":"https:\/\/www.macgyver.es\/ca\/wp-json\/wp\/v2\/comments?post=1410"}],"version-history":[{"count":1,"href":"https:\/\/www.macgyver.es\/ca\/wp-json\/wp\/v2\/pages\/1410\/revisions"}],"predecessor-version":[{"id":1633,"href":"https:\/\/www.macgyver.es\/ca\/wp-json\/wp\/v2\/pages\/1410\/revisions\/1633"}],"wp:attachment":[{"href":"https:\/\/www.macgyver.es\/ca\/wp-json\/wp\/v2\/media?parent=1410"}],"curies":[{"name":"wp","href":"https:\/\/api.w.org\/{rel}","templated":true}]}}