{"id":1409,"date":"2023-03-13T15:22:40","date_gmt":"2023-03-13T15:22:40","guid":{"rendered":"https:\/\/www.macgyver.es\/tienda\/politica-de-cookies\/"},"modified":"2023-03-13T15:22:40","modified_gmt":"2023-03-13T15:22:40","slug":"politica-de-cookies","status":"publish","type":"page","link":"https:\/\/www.macgyver.es\/ca\/politica-de-cookies\/","title":{"rendered":"Pol\u00edtica de Cookies"},"content":{"rendered":"<p>En cumplimiento con el que dispone el art\u00edculo 22.2 de la Ley 34\/2002, de 11 de julio, de Servicios de la Sociedad de la Informaci\u00f3n y de Comercio Electr\u00f3nico, esta p\u00e1gina web lo informa, en esta secci\u00f3n, sobre la\u00a0\u00a0<strong>pol\u00edtica de\u00a0recogida\u00a0y tratamiento de\u00a0cookies.<\/strong><\/p>\n<h3>\u00bfQue son las cookies?<\/h3>\n<p>Una\u00a0cookie\u00a0es un fichero que se descarga a su ordenador al acceder a determinadas p\u00e1ginas web. Las\u00a0cookies\u00a0permiten en una p\u00e1gina web, entre otras cosas, almacenar y recuperar informaci\u00f3n sobre los h\u00e1bitos de navegaci\u00f3n de un usuario o de su equipo y, dependiendo de la informaci\u00f3n que contengan y de la forma en que utilice su equipo, se pueden utilizar para reconocer al usuario.<\/p>\n<h3>\u00bfQue tipo de cookies utiliza esta p\u00e1gina web?<\/h3>\n<p>Esta p\u00e1gina web utiliza los siguientes tipos de\u00a0cookies:<\/p>\n<p><strong>Cookies\u00a0de an\u00e1lisis:<\/strong>\u00a0Son aquellas que muy tratadas por nosotros o por terceros, nos permiten cuantificar el n\u00famero de usuarios y as\u00ed realizar la medici\u00f3n y an\u00e1lisis estad\u00edstico de la utilizaci\u00f3n que hacen los usuarios del servicio ofrecido. Por eso se analiza su navegaci\u00f3n en nuestra p\u00e1gina web para mejorar la oferta de productos o servicios que le ofrecemos.<\/p>\n<p><strong>Cookies\u00a0t\u00e9cnicas:<\/strong>\u00a0Son aquellas que permiten al usuario la navegaci\u00f3n a trav\u00e9s del \u00e1rea restringida y la utilizaci\u00f3n de sus diferentes funciones, como por ejemplo, traer a cambio el proceso de compra de un art\u00edculo.<\/p>\n<p><strong>Cookies\u00a0de\u00a0personalizaci\u00f3n:<\/strong>\u00a0Son aquellas que permiten al usuario acceder al servicio con algunas caracter\u00edsticas de car\u00e1cter general predefinidas en funci\u00f3n de una serie de criterios en el terminal del usuario como por ejemplo ser\u00edan el idioma o el tipo de navegador mediante el cual se conecta al servicio.<\/p>\n<p><strong>Cookies\u00a0publicitarias:<\/strong>\u00a0Son aquellas que, muy tratadas por esta web o por terceros, permiten gestionar de la forma m\u00e1s eficaz posible la oferta de los espacios publicitarios que hay en la p\u00e1gina web, adecuando el contenido del anuncio al contenido del servicio solicitado o el uso que realice de nuestra p\u00e1gina web. Por\u00a0 esto podemos analizar sus h\u00e1bitos de navegaci\u00f3n a Internet y podemos mostrar publicidad relacionada con su perfil de navegaci\u00f3n.<\/p>\n<p><strong>Cookies\u00a0de publicidad\u00a0comportamental:<\/strong>\u00a0Son aquellas que permiten la gesti\u00f3n, de la forma m\u00e1s eficaz posible, de los espacios publicitarios que, si procede, el editor haya incluido en una p\u00e1gina web, aplicaci\u00f3n o plataforma desde la cual presta el servicio solicitado. Este tipo de\u00a0cookiesalmacenan informaci\u00f3n del comportamiento de los visitantes obtenida a trav\u00e9s de la observaci\u00f3n continuada de sus h\u00e1bitos de navegaci\u00f3n, el que permite desarrollar un perfil espec\u00edfico para mostrar avisos publicitarios en funci\u00f3n del mismo.<\/p>\n<h3>Desactivar las cookies.<\/h3>\n<p>Puede usted\u00a0permitir, bloquear o eliminar\u00a0las cookies\u00a0instaladas en su equipo mediante la configuraci\u00f3n de las opciones del navegador en vuestro ordenador.<\/p>\n<p>En la mayor\u00eda de los navegadores web se ofrece la posibilidad de permitir, bloquear o eliminar las\u00a0cookies\u00a0instaladas en su equipo.<\/p>\n<p>A continuaci\u00f3n puede acceder a la configuraci\u00f3n de los navegadores webes m\u00e1s frecuentes para aceptar, instalar o desactivar las cookies:<\/p>\n<p><a href=\"https:\/\/support.google.com\/chrome\/answer\/95647?hl=es\" target=\"_blank\" rel=\"noopener\">Configurar cookies en Google Chrome<\/a><\/p>\n<p><a href=\"http:\/\/windows.microsoft.com\/es-es\/windows7\/how-to-manage-cookies-in-internet-explorer-9\" target=\"_blank\" rel=\"noopener\">Configurar cookies en Microsoft Internet Explorer<\/a><\/p>\n<p><a href=\"https:\/\/support.mozilla.org\/es\/kb\/habilitar-y-deshabilitar-cookies-sitios-web-rastrear-preferencias?redirectlocale=es&amp;redirectslug=habilitar-y-deshabilitar-cookies-que-los-sitios-we\" target=\"_blank\" rel=\"noopener\">Configurar cookies en Mozilla Firefox<\/a><\/p>\n<p><a href=\"https:\/\/support.apple.com\/es-es\/HT201265\" target=\"_blank\" rel=\"noopener\">Configurar cookies en Safari (Apple)<\/a><\/p>\n<h3>Cookies de terceros.<\/h3>\n<p>Esta p\u00e1gina web utiliza\u00a0servicios de terceros para recopilar informaci\u00f3n con finalidades estad\u00edsticas y de uso de la web. Se usan\u00a0cookies de\u00a0DoubleClick\u00a0para mejorar la publicidad que se incluye en el sitio web. Son utilizadas para orientar la publicidad seg\u00fan el contenido que es relevante para un usuario, mejorando as\u00ed la calidad de experiencia en el uso del mismo.<\/p>\n<p>En concreto, utilizamos los servicios de Google\u00a0Adsense\u00a0y de Google\u00a0Analytics\u00a0por nuestras estad\u00edsticas y publicidad. Algunas\u00a0cookies\u00a0son esenciales para el funcionamiento del lugar, por ejemplo el buscador incorporado.<\/p>\n<p>Nuestro sitio web incluye otras funcionalidades proporcionadas por terceros. Usted podr\u00e1 compartir\u00a0f\u00e1cilmente el contenido en redes sociales como Facebook, Twitter o Google +, con los botones que hemos incluido por eso mismo.<\/p>\n<h4>Aviso sobre eliminar\u00a0cookies.<\/h4>\n<p>Usted puede eliminar y bloquear todas las\u00a0cookies\u00a0de este sitio web, pero parte del lugar no funcionar\u00e1 o la calidad de la p\u00e1gina web puede verse afectada.<\/p>\n<p>Si tiene cualquier duda sobre\u00a0nuestra pol\u00edtica de\u00a0cookies, puede contactar con esta p\u00e1gina web a trav\u00e9s de nuestros canales de Contacto.<\/p>\n","protected":false},"excerpt":{"rendered":"<p>En cumplimiento con el que dispone el art\u00edculo 22.2 de la Ley 34\/2002, de 11 de julio, de Servicios de la Sociedad de la Informaci\u00f3n y de Comercio Electr\u00f3nico, esta p\u00e1gina web lo informa, en esta secci\u00f3n, sobre la\u00a0\u00a0pol\u00edtica de\u00a0recogida\u00a0y tratamiento de\u00a0cookies. \u00bfQue son las cookies? Una\u00a0cookie\u00a0es un fichero que se descarga a su ordenador&hellip;<\/p>\n","protected":false},"author":1,"featured_media":0,"parent":0,"menu_order":0,"comment_status":"closed","ping_status":"closed","template":"","meta":{"_acf_changed":false,"inline_featured_image":false,"_monsterinsights_skip_tracking":false,"_monsterinsights_sitenote_active":false,"_monsterinsights_sitenote_note":"","_monsterinsights_sitenote_category":0,"footnotes":""},"class_list":["post-1409","page","type-page","status-publish","hentry","description-off"],"acf":[],"_links":{"self":[{"href":"https:\/\/www.macgyver.es\/ca\/wp-json\/wp\/v2\/pages\/1409","targetHints":{"allow":["GET"]}}],"collection":[{"href":"https:\/\/www.macgyver.es\/ca\/wp-json\/wp\/v2\/pages"}],"about":[{"href":"https:\/\/www.macgyver.es\/ca\/wp-json\/wp\/v2\/types\/page"}],"author":[{"embeddable":true,"href":"https:\/\/www.macgyver.es\/ca\/wp-json\/wp\/v2\/users\/1"}],"replies":[{"embeddable":true,"href":"https:\/\/www.macgyver.es\/ca\/wp-json\/wp\/v2\/comments?post=1409"}],"version-history":[{"count":0,"href":"https:\/\/www.macgyver.es\/ca\/wp-json\/wp\/v2\/pages\/1409\/revisions"}],"wp:attachment":[{"href":"https:\/\/www.macgyver.es\/ca\/wp-json\/wp\/v2\/media?parent=1409"}],"curies":[{"name":"wp","href":"https:\/\/api.w.org\/{rel}","templated":true}]}}